{"id":1271,"date":"2023-03-23T10:14:58","date_gmt":"2023-03-23T10:14:58","guid":{"rendered":"http:\/\/www.golfcostaadeje.com.com\/environment\/"},"modified":"2023-07-04T16:34:04","modified_gmt":"2023-07-04T16:34:04","slug":"environment","status":"publish","type":"page","link":"https:\/\/www.golfcostaadeje.com\/fr\/environment\/","title":{"rendered":"Environment"},"content":{"rendered":"\n<p>La direcci\u00f3n general de Golf Costa Adeje, consciente de la limitaci\u00f3n de los recursos naturales nuestra isla, y de los impactos ambientales asociados al desarrollo de nuestra actividad, implant\u00f3 en el a\u00f1o 2004 el sistema de gesti\u00f3n ambiental: UNE-EN ISO 14.001.<\/p>\n\n\n\n<p>Para conseguir este objetivo se establece&nbsp; nuestra pol\u00edtica ambiental y se crea un departamento para el \u00e1rea de medioambiente, comprometi\u00e9ndonos as\u00ed con la revisi\u00f3n peri\u00f3dica de nuestros servicios, con el establecimiento de objetivos ambientales, con la confirmaci\u00f3n del cumplimiento de nuestra pol\u00edtica y con la aplicaci\u00f3n de una mejora continua.<\/p>\n\n\n\n<p>Somos conscientes de los impactos que genera un campo de golf, (consumo de agua, contaminaci\u00f3n del suelo, presi\u00f3n sobre el medio\u2026). Por ello, nuestro objetivo es perfeccionar la gesti\u00f3n sostenible, asumiendo los compromisos de mejora continua en todos los \u00e1mbitos de la sostenibilidad: social, econ\u00f3mico y ambiental, as\u00ed como en la satisfacci\u00f3n del cliente.<\/p>\n\n\n\n<p>Conscientes de la importancia de proteger el medioambiente de nuestro entorno, hemos desarrollado un sistema de gesti\u00f3n ambiental cuyo objetivo es prevenir los impactos negativos de nuestra actividad. Por lo tanto, nuestras actividades e instalaciones se conciben siempre desde la sostenibilidad, previniendo la contaminaci\u00f3n y los impactos negativos mediante el uso sostenible de los recursos, la mitigaci\u00f3n &nbsp;y adaptaci\u00f3n al cambio clim\u00e1tico, y la protecci\u00f3n de la biodiversidad y los ecosistemas.<\/p>\n\n\n\n<p>Por \u00faltimo, adquirimos tambi\u00e9n el compromiso de cumplimiento de todos los requisitos legales o de otra naturaleza aplicable en materia ambiental al campo de golf y el compromiso de sensibilizar al personal del campo sobre los principios recogidos en este documento, del cual se les hace entrega.<\/p>\n\n\n\n<p>Esta pol\u00edtica ser\u00e1 revisada cada a\u00f1o y se adecuar\u00e1 a las realidades del campo y del destino en el que se encuentra.<\/p>\n\n\n\n<figure class=\"wp-block-image is-resized\"><a href=\"https:\/\/golf.digitalxplore.es\/wp-content\/uploads\/2023\/02\/TUV2.png\"><img loading=\"lazy\" decoding=\"async\" src=\"https:\/\/golf.digitalxplore.es\/wp-content\/uploads\/2023\/02\/TUV2.png\" alt=\"Pol\u00edtica Medioambiental\" width=\"196\" height=\"99\" title=\"\"\/><\/a><\/figure>\n\n\n\n<p>REVISADA Y APROBADA \u2013 01 de enero 2018<\/p>\n\n\n\n<h2 class=\"wp-block-heading\">ALCANCE<\/h2>\n\n\n\n<p>La norma UNE EN ISO 14001-2015 de aplicaci\u00f3n en nuestro campo tiene como alcance todas nuestras actividades, productos y servicios, as\u00ed como la siguiente infraestructura: Campo de golf, cafeter\u00eda y restaurante, recepci\u00f3n y oficinas e instalaciones de mantenimiento de Golf Costa Adeje S.A. &nbsp;Adem\u00e1s, dentro del alcance de nuestro SGA tambi\u00e9n se han considerado el contexto de la organizaci\u00f3n, las necesidades y expectativas de las partes interesadas y los requisitos legales u otros requisitos aplicables a nuestro sector.<\/p>\n\n\n\n<h2 class=\"wp-block-heading\">\u00c1REAS DE VIGILANCIA AMBIENTAL<\/h2>\n\n\n\n<h4 class=\"wp-block-heading\">Consumo de agua<\/h4>\n\n\n\n<p>El consumo de agua es un factor important\u00edsimo dentro de la gesti\u00f3n de un campo de golf, especialmente en&nbsp;Canarias donde el agua es un recurso escaso.<\/p>\n\n\n\n<p>En el a\u00f1o 2004 se cambian los greenes plant\u00e1ndolos con la \u00faltima generaci\u00f3n de bermuda que tiene como caracter\u00edstica principal el sobrevivir con un consumo de agua mucho inferior que otras variedades cespitosas. Esto, unido a que todo el sistema de riego de campo y zonas ajardinadas se hace con agua depurada consigue preservar &nbsp;un recurso&nbsp;tan importante para las islas como es el agua potable.<\/p>\n\n\n\n<p>Para&nbsp;reducir el consumo de agua depurada &nbsp;hemos implantado una serie de medidas como son puesta en funcionamiento de sensores humedad en lo greenes, la calibraci\u00f3n de aspersores, la optimizaci\u00f3n de los recursos h\u00eddricos que se consigue gracias a los datos que nos facilita nuestra estaci\u00f3n meteorol\u00f3gica, que&nbsp;conectada al programa de riego, nos proporciona informaci\u00f3n detallada de las condiciones climatol\u00f3gicas, facilitando el ajuste del riego en funci\u00f3n de las necesidades reales del campo y control de aver\u00edas.<\/p>\n\n\n\n<p>Nuestro consumo de agua potable en la Casa Club se ha limitado al m\u00e1ximo&nbsp;instalando doble pulsador en los inodoros, apostando por grifos con aireadores y con maquinaria en cocinas y lavander\u00eda que ajustan el consumo de agua por lavado ajustando el consumo de agua al m\u00e1ximo.<\/p>\n\n\n\n<h4 class=\"wp-block-heading\">Consumo de energ\u00eda<\/h4>\n\n\n\n<p>El consumo de energ\u00eda es un factor al que dedicamos un estricto control dentro de nuestro campo de golf.<\/p>\n\n\n\n<p>Dentro de las medidas que hemos implantado para reducir el consumo energ\u00e9tico podemos mencionar la&nbsp;instalaci\u00f3n de tecnolog\u00eda LED&nbsp;de bajo consumo, instalaci\u00f3n de placas solares que abastecen de agua caliente las duchas de vestuarios de clientes, equipos refrigeradores de bajo consumo en restaurante y cocina.<\/p>\n\n\n\n<h4 class=\"wp-block-heading\">Residuos peligrosos<\/h4>\n\n\n\n<p>Los campos de golf llevan asociados la producci\u00f3n de residuos peligrosos: envases y restos de fitosanitarios, productos de taller, pilas y acumuladores, tubos fluorescentes, etc.<\/p>\n\n\n\n<p>En Golf Costa Adeje&nbsp;gestionamos todos los residuos peligrosos que producimos con gestores autorizados, garantizando as\u00ed la correcta gesti\u00f3n de los mismos.<\/p>\n\n\n\n<h4 class=\"wp-block-heading\">Consumo combustible:<\/h4>\n\n\n\n<p>Conscientes de la importancia de emisiones de este tipo de combustible, En Golf Costa Adeje se ha se ha adquirido maquinaria hibrida, tanto para trabajos llevados a cabo con maquinaria en el campo como para veh\u00edculos que facilitan la movilidad de trabajadores por el mismo. Tambi\u00e9n hay que destacar que toda la flota de buggys son el\u00e9ctricos y que se abastecen de electricidad con un sistema de carga que se desconecta autom\u00e1ticamente cuando las bater\u00edas han sido recargadas, con el consiguiente ahorro energ\u00e9tico.<\/p>\n\n\n\n<h4 class=\"wp-block-heading\">Residuos urbanos<\/h4>\n\n\n\n<p>Al igual que los residuos peligrosos, la producci\u00f3n de residuos urbanos debe ser controlada. Contamos con un sistema optimizado de separaci\u00f3n de &nbsp;residuos urbanos: papel\/cart\u00f3n, envases y vidrio adaptado en cada uno de los departamentos de Casa Club y tambi\u00e9n de mantenimiento. Con esto nos aseguramos de que todos estos residuos, en vez de terminar en el vertedero insular,&nbsp;adquieran una segunda vida.<\/p>\n\n\n\n<h4 class=\"wp-block-heading\">Uso de productos fitosanitarios<\/h4>\n\n\n\n<p>El uso de productos fitosanitarios, c\u00f3mo en cualquier cultivo, es imprescindible en el cuidado del c\u00e9sped de un campo de golf.<\/p>\n\n\n\n<p>Para minimizar los da\u00f1os relacionados con la aplicaci\u00f3n de productos fitosanitarios en el suelo y en el entorno hemos desarrollado una&nbsp;pol\u00edtica de compras responsable y optimizada que se basa en la selecci\u00f3n de los productos y valorando siempre la compra de aquellos que sean lo menos perjudicial para suelo y entorno posible. El Greenkeeper est\u00e1 cualificado en la correcta compra y aplicaci\u00f3n de estos productos y&nbsp; traslada su implicaci\u00f3n y buen hacer a todo el personal de jardiner\u00eda que gracias a una&nbsp; formaci\u00f3n continua adquieren la cualificaci\u00f3n id\u00f3nea para la correcta aplicaci\u00f3n de este tipo de producto, minimizando su uso al m\u00e1ximo.<\/p>\n\n\n\n<h4 class=\"wp-block-heading\">Legislaci\u00f3n ambiental<\/h4>\n\n\n\n<p>Uno de los requisitos que exige la implantaci\u00f3n de la norma ISO 14.001 para poder pasar el proceso de certificaci\u00f3n es el&nbsp;cumplimiento de todos los requisitos legales aplicables a nuestro sector. De este modo, con la certificaci\u00f3n de la norma en 2004 llevamos&nbsp;garantizando durante m\u00e1s de una d\u00e9cada el cumplimiento de los requisitos legales que nos son aplicables: emisiones atmosf\u00e9ricas, control de sistema de protecci\u00f3n contraincendios, correcta utilizaci\u00f3n de los productos fitosanitarios, correcta gesti\u00f3n de los residuos, aplicaci\u00f3n de un sistema de control contra la bacteria legionela, revisiones peri\u00f3dicas de nuestras instalaciones de baja tensi\u00f3n, revisiones de aparatos elevadores, etc.<\/p>\n\n\n\n<h2 class=\"wp-block-heading\">FLORA Y FAUNA<\/h2>\n\n\n\n<p>La vegetaci\u00f3n se caracteriza por el tabaibal-cardonal, destacando la tabaiba dulce, el card\u00f3n o el balo. El desarrollo de las comunidades vegetales depende fundamentalmente del agua y el sol, pudi\u00e9ndose distinguir hal\u00f3filas costeras, tabaiba dulce, cardonales y comunidades de balos, pastizales de gram\u00edneas y vegetaci\u00f3n ruderal y matorral nitr\u00f3filo. En cuanto a la fauna, posee una riqueza con m\u00e1s de 30 especies de aves. Los \u00e1rboles y palmeras del campo son utilizados de forma fija por las aves para crear sus nidos, adem\u00e1s de ser un lugar de tr\u00e1nsito migratorio.<\/p>\n\n\n\n<p>En las zonas m\u00e1s cercanas al mar es muy com\u00fan encontrar gaviotas. Predomina la&nbsp;gaviota arg\u00e9ntea&nbsp;(Larus argentatus atlantis) y la&nbsp;gaviota patiamarilla&nbsp;(Larus cachinans atlantis). Durante mucho tiempo se consideraron la misma especie ya que son pr\u00e1cticamente iguales, pero se diferencian en el color de las patas. Est\u00e1n muy extendidas gracias a la gran capacidad que tienen para aprovechar los desperdicios humanos.&nbsp; Tambi\u00e9n se han visto algunas familias del ave com\u00fanmente llamado&nbsp;verdecillo&nbsp;(Serinus serinus), muy parecido al canario. Posiblemente se ha instalado en la Isla a partir de p\u00e1jaros que estaban enjaulados y que se han escapado. Suele estar asociado a arboledas de \u00e1rboles diferentes en ambientes diferentes. El&nbsp;herrerillo&nbsp;(Parus caeruleus teneriffae) se puede ver tambi\u00e9n con frecuencia en los \u00e1rboles del campo, y es el ave que ha desarrollado m\u00e1s razas en Canarias, un total de cuatro. Es muy activo, entrando y saliendo continuamente de su nido para limpiarlo o para alimentar a sus cr\u00edas con los insectos que caza.<\/p>\n\n\n\n<p>La&nbsp;t\u00f3rtola com\u00fan&nbsp;(Streptopelia turtur turtur) tambi\u00e9n se encuentran por zonas de jardines o zonas con arbustos por el campo de golf. Es reconocible por su color predominante arena-rojizo y por su decadente arrullo. Con mayor asiduidad se puede observar a su pariente la&nbsp;t\u00f3rtola turca&nbsp;(Streptopelia decaocto), especie introducida y distribuida por todo el Mundo. Es de color claro con una especie de collar m\u00e1s oscuro.<\/p>\n\n\n\n<p>El&nbsp;vencejo unicolor&nbsp;o&nbsp;\u2018andori\u00f1a\u2019&nbsp;(Apus unicolor) end\u00e9mico de Canarias y Madeira, muy conocida por su fren\u00e9tico vuelo, se pueden ver tambi\u00e9n por la zona. Hay un dicho popular que dice, que si las ves volando en gran n\u00famero de un lado para otro, \u2018quiere decir que va a haber viento en uno o varios d\u00edas\u2019. Existe otro tipo, el&nbsp;vencejo p\u00e1lido&nbsp;(Apus pallidus brehmorum), de h\u00e1bitos similares pero mucho m\u00e1s raro. Se cree que ambas abandonan el Archipi\u00e9lago tras su \u00e9poca de cr\u00eda.<\/p>\n\n\n\n<p>Tambi\u00e9n a la&nbsp;abubilla&nbsp;(Upupa epops), conocida como&nbsp;\u2018tabobo\u2019&nbsp;o&nbsp;\u2018pup\u00fa\u2019, principalmente en la zona sur y oeste de la Isla. Es f\u00e1cilmente reconocible por su llamativa cresta y su largo pico que emplea para capturar insectos en grietas.<\/p>\n\n\n\n<p>Tambi\u00e9n hay presencia en la Isla de la&nbsp;codorniz&nbsp;(Coturnix coturnix) y de la&nbsp;perdiz moruna&nbsp;(Alectoris barbara koenigi), especies cineg\u00e9ticas que habitan sobre todo en diferentes cultivos.<\/p>\n\n\n\n<p>En numerosas ocasiones se avistan cern\u00edcalos por el campo de golf y sus inmediaciones. El cern\u00edcalo es un&nbsp;halc\u00f3n&nbsp;de tama\u00f1o peque\u00f1o-mediano y es f\u00e1cil distinguir esta especio por su tipo de vuelo, se mantiene suspendido en el aire mientras busca y observa alguna presa.<\/p>\n\n\n\n<p>Hay presencia de animales que viven en los barrancos y zonas no urbanizadas que rodean el campo tales como conejos&nbsp;(Oryctolagus cunniculus) o&nbsp;erizos. Tambi\u00e9n se encuentran ratones de campo&nbsp;(Mus domesticus),&nbsp;y entre la fauna vertebrada podemos destacar la presencia de&nbsp; perenqu\u00e9n, la lisa com\u00fan y el lagarto tiz\u00f3n (Gallotia gallotia), de color m\u00e1s oscuro y con manchas azules.<\/p>\n\n\n\n<h2 class=\"wp-block-heading\">DUDAS Y SUGERENCIAS<\/h2>\n\n\n\n<p>Si tiene alguna duda sobre nuestro sistema de gesti\u00f3n ambiental o le interesa poner de manifiesto alguna sugerencia, puede hacerlo a trav\u00e9s del siguiente correo electr\u00f3nico:&nbsp;<a href=\"mailto:medioambiente@golfcostaadeje.com\">medioambiente@golfcostaadeje.com<\/a><\/p>\n\n\n\n<p>Nuestro responsable de medio ambiente se pondr\u00e1 en contacto con usted lo antes posible.<\/p>\n","protected":false},"excerpt":{"rendered":"<p>La direcci\u00f3n general de Golf Costa Adeje, consciente de la limitaci\u00f3n de los recursos naturales nuestra isla, y de los impactos ambientales asociados al desarrollo de nuestra actividad, implant\u00f3 en el a\u00f1o 2004 el sistema de gesti\u00f3n ambiental: UNE-EN ISO 14.001. Para conseguir este objetivo se establece&nbsp; nuestra pol\u00edtica ambiental y se crea un departamento [&#8230;]\n","protected":false},"author":1,"featured_media":0,"parent":0,"menu_order":0,"comment_status":"closed","ping_status":"closed","template":"","meta":{"footnotes":""},"class_list":["post-1271","page","type-page","status-publish","hentry"],"yoast_head":"<!-- This site is optimized with the Yoast SEO plugin v24.7 - https:\/\/yoast.com\/wordpress\/plugins\/seo\/ -->\n<title>Environment - Golf Costa Adeje<\/title>\n<meta name=\"robots\" content=\"index, follow, max-snippet:-1, max-image-preview:large, max-video-preview:-1\" \/>\n<link rel=\"canonical\" href=\"https:\/\/www.golfcostaadeje.com\/fr\/environment\/\" \/>\n<meta property=\"og:locale\" content=\"fr_FR\" \/>\n<meta property=\"og:type\" content=\"article\" \/>\n<meta property=\"og:title\" content=\"Environment - Golf Costa Adeje\" \/>\n<meta property=\"og:description\" content=\"La direcci\u00f3n general de Golf Costa Adeje, consciente de la limitaci\u00f3n de los recursos naturales nuestra isla, y de los impactos ambientales asociados al desarrollo de nuestra actividad, implant\u00f3 en el a\u00f1o 2004 el sistema de gesti\u00f3n ambiental: UNE-EN ISO 14.001. Para conseguir este objetivo se establece&nbsp; nuestra pol\u00edtica ambiental y se crea un departamento [...]\" \/>\n<meta property=\"og:url\" content=\"https:\/\/www.golfcostaadeje.com\/fr\/environment\/\" \/>\n<meta property=\"og:site_name\" content=\"Golf Costa Adeje\" \/>\n<meta property=\"article:publisher\" content=\"https:\/\/www.facebook.com\/golfcostaadeje\" \/>\n<meta property=\"article:modified_time\" content=\"2023-07-04T16:34:04+00:00\" \/>\n<meta property=\"og:image\" content=\"https:\/\/golf.digitalxplore.es\/wp-content\/uploads\/2023\/02\/TUV2.png\" \/>\n<meta name=\"twitter:card\" content=\"summary_large_image\" \/>\n<meta name=\"twitter:site\" content=\"@golfcostaadeje\" \/>\n<meta name=\"twitter:label1\" content=\"Dur\u00e9e de lecture estim\u00e9e\" \/>\n\t<meta name=\"twitter:data1\" content=\"10 minutes\" \/>\n<script type=\"application\/ld+json\" class=\"yoast-schema-graph\">{\"@context\":\"https:\/\/schema.org\",\"@graph\":[{\"@type\":\"WebPage\",\"@id\":\"https:\/\/www.golfcostaadeje.com\/fr\/environment\/\",\"url\":\"https:\/\/www.golfcostaadeje.com\/fr\/environment\/\",\"name\":\"Environment - Golf Costa Adeje\",\"isPartOf\":{\"@id\":\"https:\/\/www.golfcostaadeje.com\/fr\/#website\"},\"primaryImageOfPage\":{\"@id\":\"https:\/\/www.golfcostaadeje.com\/fr\/environment\/#primaryimage\"},\"image\":{\"@id\":\"https:\/\/www.golfcostaadeje.com\/fr\/environment\/#primaryimage\"},\"thumbnailUrl\":\"https:\/\/golf.digitalxplore.es\/wp-content\/uploads\/2023\/02\/TUV2.png\",\"datePublished\":\"2023-03-23T10:14:58+00:00\",\"dateModified\":\"2023-07-04T16:34:04+00:00\",\"breadcrumb\":{\"@id\":\"https:\/\/www.golfcostaadeje.com\/fr\/environment\/#breadcrumb\"},\"inLanguage\":\"fr-FR\",\"potentialAction\":[{\"@type\":\"ReadAction\",\"target\":[\"https:\/\/www.golfcostaadeje.com\/fr\/environment\/\"]}]},{\"@type\":\"ImageObject\",\"inLanguage\":\"fr-FR\",\"@id\":\"https:\/\/www.golfcostaadeje.com\/fr\/environment\/#primaryimage\",\"url\":\"https:\/\/golf.digitalxplore.es\/wp-content\/uploads\/2023\/02\/TUV2.png\",\"contentUrl\":\"https:\/\/golf.digitalxplore.es\/wp-content\/uploads\/2023\/02\/TUV2.png\"},{\"@type\":\"BreadcrumbList\",\"@id\":\"https:\/\/www.golfcostaadeje.com\/fr\/environment\/#breadcrumb\",\"itemListElement\":[{\"@type\":\"ListItem\",\"position\":1,\"name\":\"Home\",\"item\":\"https:\/\/www.golfcostaadeje.com\/fr\/\"},{\"@type\":\"ListItem\",\"position\":2,\"name\":\"Environment\"}]},{\"@type\":\"WebSite\",\"@id\":\"https:\/\/www.golfcostaadeje.com\/fr\/#website\",\"url\":\"https:\/\/www.golfcostaadeje.com\/fr\/\",\"name\":\"Golf Costa Adeje\",\"description\":\"Campo de Golf Costa Adeje - Tenerife\",\"publisher\":{\"@id\":\"https:\/\/www.golfcostaadeje.com\/fr\/#organization\"},\"potentialAction\":[{\"@type\":\"SearchAction\",\"target\":{\"@type\":\"EntryPoint\",\"urlTemplate\":\"https:\/\/www.golfcostaadeje.com\/fr\/?s={search_term_string}\"},\"query-input\":{\"@type\":\"PropertyValueSpecification\",\"valueRequired\":true,\"valueName\":\"search_term_string\"}}],\"inLanguage\":\"fr-FR\"},{\"@type\":\"Organization\",\"@id\":\"https:\/\/www.golfcostaadeje.com\/fr\/#organization\",\"name\":\"Golf Costa Adeje\",\"url\":\"https:\/\/www.golfcostaadeje.com\/fr\/\",\"logo\":{\"@type\":\"ImageObject\",\"inLanguage\":\"fr-FR\",\"@id\":\"https:\/\/www.golfcostaadeje.com\/fr\/#\/schema\/logo\/image\/\",\"url\":\"http:\/\/adeje.golfenred.com\/wp-content\/uploads\/2023\/02\/logoadejegold1.6.png\",\"contentUrl\":\"http:\/\/adeje.golfenred.com\/wp-content\/uploads\/2023\/02\/logoadejegold1.6.png\",\"width\":500,\"height\":716,\"caption\":\"Golf Costa Adeje\"},\"image\":{\"@id\":\"https:\/\/www.golfcostaadeje.com\/fr\/#\/schema\/logo\/image\/\"},\"sameAs\":[\"https:\/\/www.facebook.com\/golfcostaadeje\",\"https:\/\/x.com\/golfcostaadeje\",\"https:\/\/www.instagram.com\/golfcostaadeje\/\"]}]}<\/script>\n<!-- \/ Yoast SEO plugin. -->","yoast_head_json":{"title":"Environment - Golf Costa Adeje","robots":{"index":"index","follow":"follow","max-snippet":"max-snippet:-1","max-image-preview":"max-image-preview:large","max-video-preview":"max-video-preview:-1"},"canonical":"https:\/\/www.golfcostaadeje.com\/fr\/environment\/","og_locale":"fr_FR","og_type":"article","og_title":"Environment - Golf Costa Adeje","og_description":"La direcci\u00f3n general de Golf Costa Adeje, consciente de la limitaci\u00f3n de los recursos naturales nuestra isla, y de los impactos ambientales asociados al desarrollo de nuestra actividad, implant\u00f3 en el a\u00f1o 2004 el sistema de gesti\u00f3n ambiental: UNE-EN ISO 14.001. Para conseguir este objetivo se establece&nbsp; nuestra pol\u00edtica ambiental y se crea un departamento [...]","og_url":"https:\/\/www.golfcostaadeje.com\/fr\/environment\/","og_site_name":"Golf Costa Adeje","article_publisher":"https:\/\/www.facebook.com\/golfcostaadeje","article_modified_time":"2023-07-04T16:34:04+00:00","og_image":[{"url":"https:\/\/golf.digitalxplore.es\/wp-content\/uploads\/2023\/02\/TUV2.png","type":"","width":"","height":""}],"twitter_card":"summary_large_image","twitter_site":"@golfcostaadeje","twitter_misc":{"Dur\u00e9e de lecture estim\u00e9e":"10 minutes"},"schema":{"@context":"https:\/\/schema.org","@graph":[{"@type":"WebPage","@id":"https:\/\/www.golfcostaadeje.com\/fr\/environment\/","url":"https:\/\/www.golfcostaadeje.com\/fr\/environment\/","name":"Environment - Golf Costa Adeje","isPartOf":{"@id":"https:\/\/www.golfcostaadeje.com\/fr\/#website"},"primaryImageOfPage":{"@id":"https:\/\/www.golfcostaadeje.com\/fr\/environment\/#primaryimage"},"image":{"@id":"https:\/\/www.golfcostaadeje.com\/fr\/environment\/#primaryimage"},"thumbnailUrl":"https:\/\/golf.digitalxplore.es\/wp-content\/uploads\/2023\/02\/TUV2.png","datePublished":"2023-03-23T10:14:58+00:00","dateModified":"2023-07-04T16:34:04+00:00","breadcrumb":{"@id":"https:\/\/www.golfcostaadeje.com\/fr\/environment\/#breadcrumb"},"inLanguage":"fr-FR","potentialAction":[{"@type":"ReadAction","target":["https:\/\/www.golfcostaadeje.com\/fr\/environment\/"]}]},{"@type":"ImageObject","inLanguage":"fr-FR","@id":"https:\/\/www.golfcostaadeje.com\/fr\/environment\/#primaryimage","url":"https:\/\/golf.digitalxplore.es\/wp-content\/uploads\/2023\/02\/TUV2.png","contentUrl":"https:\/\/golf.digitalxplore.es\/wp-content\/uploads\/2023\/02\/TUV2.png"},{"@type":"BreadcrumbList","@id":"https:\/\/www.golfcostaadeje.com\/fr\/environment\/#breadcrumb","itemListElement":[{"@type":"ListItem","position":1,"name":"Home","item":"https:\/\/www.golfcostaadeje.com\/fr\/"},{"@type":"ListItem","position":2,"name":"Environment"}]},{"@type":"WebSite","@id":"https:\/\/www.golfcostaadeje.com\/fr\/#website","url":"https:\/\/www.golfcostaadeje.com\/fr\/","name":"Golf Costa Adeje","description":"Campo de Golf Costa Adeje - Tenerife","publisher":{"@id":"https:\/\/www.golfcostaadeje.com\/fr\/#organization"},"potentialAction":[{"@type":"SearchAction","target":{"@type":"EntryPoint","urlTemplate":"https:\/\/www.golfcostaadeje.com\/fr\/?s={search_term_string}"},"query-input":{"@type":"PropertyValueSpecification","valueRequired":true,"valueName":"search_term_string"}}],"inLanguage":"fr-FR"},{"@type":"Organization","@id":"https:\/\/www.golfcostaadeje.com\/fr\/#organization","name":"Golf Costa Adeje","url":"https:\/\/www.golfcostaadeje.com\/fr\/","logo":{"@type":"ImageObject","inLanguage":"fr-FR","@id":"https:\/\/www.golfcostaadeje.com\/fr\/#\/schema\/logo\/image\/","url":"http:\/\/adeje.golfenred.com\/wp-content\/uploads\/2023\/02\/logoadejegold1.6.png","contentUrl":"http:\/\/adeje.golfenred.com\/wp-content\/uploads\/2023\/02\/logoadejegold1.6.png","width":500,"height":716,"caption":"Golf Costa Adeje"},"image":{"@id":"https:\/\/www.golfcostaadeje.com\/fr\/#\/schema\/logo\/image\/"},"sameAs":["https:\/\/www.facebook.com\/golfcostaadeje","https:\/\/x.com\/golfcostaadeje","https:\/\/www.instagram.com\/golfcostaadeje\/"]}]}},"_links":{"self":[{"href":"https:\/\/www.golfcostaadeje.com\/fr\/wp-json\/wp\/v2\/pages\/1271","targetHints":{"allow":["GET"]}}],"collection":[{"href":"https:\/\/www.golfcostaadeje.com\/fr\/wp-json\/wp\/v2\/pages"}],"about":[{"href":"https:\/\/www.golfcostaadeje.com\/fr\/wp-json\/wp\/v2\/types\/page"}],"author":[{"embeddable":true,"href":"https:\/\/www.golfcostaadeje.com\/fr\/wp-json\/wp\/v2\/users\/1"}],"replies":[{"embeddable":true,"href":"https:\/\/www.golfcostaadeje.com\/fr\/wp-json\/wp\/v2\/comments?post=1271"}],"version-history":[{"count":1,"href":"https:\/\/www.golfcostaadeje.com\/fr\/wp-json\/wp\/v2\/pages\/1271\/revisions"}],"predecessor-version":[{"id":1275,"href":"https:\/\/www.golfcostaadeje.com\/fr\/wp-json\/wp\/v2\/pages\/1271\/revisions\/1275"}],"wp:attachment":[{"href":"https:\/\/www.golfcostaadeje.com\/fr\/wp-json\/wp\/v2\/media?parent=1271"}],"curies":[{"name":"wp","href":"https:\/\/api.w.org\/{rel}","templated":true}]}}